{"id":25,"date":"2024-09-18T09:46:55","date_gmt":"2024-09-18T07:46:55","guid":{"rendered":"https:\/\/buc-realestate.com\/?page_id=25"},"modified":"2024-09-19T14:29:20","modified_gmt":"2024-09-19T12:29:20","slug":"startseite3","status":"publish","type":"page","link":"http:\/\/buc-realestate.com\/en\/","title":{"rendered":"Startseite3"},"content":{"rendered":"<div data-elementor-type=\"wp-page\" data-elementor-id=\"25\" class=\"elementor elementor-25\">\n\t\t\t\t<div class=\"elementor-element elementor-element-762dbb8 e-flex e-con-boxed e-con e-parent\" data-id=\"762dbb8\" data-element_type=\"container\" data-settings=\"{&quot;background_background&quot;:&quot;classic&quot;}\">\n\t\t\t\t\t<div class=\"e-con-inner\">\n\t\t<div class=\"elementor-element elementor-element-42003f0 e-con-full e-flex e-con e-child\" data-id=\"42003f0\" data-element_type=\"container\">\n\t\t<div class=\"elementor-element elementor-element-56933ab e-con-full e-flex e-con e-child\" data-id=\"56933ab\" data-element_type=\"container\">\n\t\t\t\t<div class=\"elementor-element elementor-element-b1bf9f2 elementor-widget__width-initial elementor-widget elementor-widget-image\" data-id=\"b1bf9f2\" data-element_type=\"widget\" data-widget_type=\"image.default\">\n\t\t\t\t<div class=\"elementor-widget-container\">\n\t\t\t\t\t\t\t\t\t\t\t\t\t<img decoding=\"async\" width=\"159\" height=\"107\" src=\"https:\/\/buc-realestate.com\/wp-content\/uploads\/2024\/09\/buc_white_light_transparent_cropped.png\" class=\"attachment-full size-full wp-image-123\" alt=\"\" \/>\t\t\t\t\t\t\t\t\t\t\t\t\t<\/div>\n\t\t\t\t<\/div>\n\t\t\t\t<\/div>\n\t\t<div class=\"elementor-element elementor-element-1422c9e e-con-full e-flex e-con e-child\" data-id=\"1422c9e\" data-element_type=\"container\">\n\t\t\t\t<div class=\"elementor-element elementor-element-850acef elementor-widget elementor-widget-heading\" data-id=\"850acef\" data-element_type=\"widget\" data-widget_type=\"heading.default\">\n\t\t\t\t<div class=\"elementor-widget-container\">\n\t\t\t<p class=\"elementor-heading-title elementor-size-default\">Values for generations<\/p>\t\t<\/div>\n\t\t\t\t<\/div>\n\t\t\t\t<div class=\"elementor-element elementor-element-822837a elementor-widget elementor-widget-heading\" data-id=\"822837a\" data-element_type=\"widget\" data-widget_type=\"heading.default\">\n\t\t\t\t<div class=\"elementor-widget-container\">\n\t\t\t<p class=\"elementor-heading-title elementor-size-default\">We have been dedicated to stable value real estate investments for over 15 years. Our philosophy places great emphasis on balance and stability to ensure sustainable investments. Our focus is on maintaining and increasing the value of our properties over the long term.<\/p>\t\t<\/div>\n\t\t\t\t<\/div>\n\t\t\t\t<div class=\"elementor-element elementor-element-91fa8d0 elementor-widget elementor-widget-text-editor\" data-id=\"91fa8d0\" data-element_type=\"widget\" data-widget_type=\"text-editor.default\">\n\t\t\t\t<div class=\"elementor-widget-container\">\n\t\t\t\t\t\t\t<p>For over 15 years, we have been dedicated to developing value-stable real estate investments. Our philosophy focuses on balance and stability to achieve sustainable growth. We place great importance on the long-term preservation and appreciation of our properties.<\/p>\t\t\t\t\t\t<\/div>\n\t\t\t\t<\/div>\n\t\t\t\t<\/div>\n\t\t<div class=\"elementor-element elementor-element-1bcd464 e-con-full e-flex e-con e-child\" data-id=\"1bcd464\" data-element_type=\"container\">\n\t\t<div class=\"elementor-element elementor-element-65b8b3c e-con-full e-flex e-con e-child\" data-id=\"65b8b3c\" data-element_type=\"container\">\n\t\t\t\t<div class=\"elementor-element elementor-element-923d240 elementor-widget elementor-widget-heading\" data-id=\"923d240\" data-element_type=\"widget\" data-widget_type=\"heading.default\">\n\t\t\t\t<div class=\"elementor-widget-container\">\n\t\t\t<p class=\"elementor-heading-title elementor-size-default\">Would you like to contact us?<\/p>\t\t<\/div>\n\t\t\t\t<\/div>\n\t\t\t\t<div class=\"elementor-element elementor-element-d8e951b elementor-align-center elementor-icon-list--layout-traditional elementor-list-item-link-full_width elementor-widget elementor-widget-icon-list\" data-id=\"d8e951b\" data-element_type=\"widget\" data-widget_type=\"icon-list.default\">\n\t\t\t\t<div class=\"elementor-widget-container\">\n\t\t\t\t\t<ul class=\"elementor-icon-list-items\">\n\t\t\t\t\t\t\t<li class=\"elementor-icon-list-item\">\n\t\t\t\t\t\t\t\t\t\t\t<a href=\"mailto:office@buc-realestate.com\">\n\n\t\t\t\t\t\t\t\t\t\t\t<span class=\"elementor-icon-list-text\">office@buc-realestate.com<\/span>\n\t\t\t\t\t\t\t\t\t\t\t<\/a>\n\t\t\t\t\t\t\t\t\t<\/li>\n\t\t\t\t\t\t<\/ul>\n\t\t\t\t<\/div>\n\t\t\t\t<\/div>\n\t\t\t\t<\/div>\n\t\t<div class=\"elementor-element elementor-element-a124a1b e-con-full e-flex e-con e-child\" data-id=\"a124a1b\" data-element_type=\"container\">\n\t\t\t\t<div class=\"elementor-element elementor-element-dbefc98 elementor-widget elementor-widget-wp-widget-nav_menu\" data-id=\"dbefc98\" data-element_type=\"widget\" data-widget_type=\"wp-widget-nav_menu.default\">\n\t\t\t\t<div class=\"elementor-widget-container\">\n\t\t\t<div class=\"menu-language-container\"><ul id=\"menu-language\" class=\"menu\"><li id=\"menu-item-190\" class=\"trp-language-switcher-container menu-item menu-item-type-post_type menu-item-object-language_switcher current-language-menu-item menu-item-190\"><a href=\"http:\/\/buc-realestate.com\/en\/wp-json\/wp\/v2\/pages\/25\"><span data-no-translation><span class=\"trp-ls-language-name\">EN<\/span><\/span><\/a><\/li>\n<li id=\"menu-item-191\" class=\"trp-language-switcher-container menu-item menu-item-type-post_type menu-item-object-language_switcher menu-item-191\"><a href=\"http:\/\/buc-realestate.com\/de\/wp-json\/wp\/v2\/pages\/25\/\"><span data-no-translation><span class=\"trp-ls-language-name\">DE<\/span><\/span><\/a><\/li>\n<\/ul><\/div>\t\t<\/div>\n\t\t\t\t<\/div>\n\t\t\t\t<\/div>\n\t\t\t\t<\/div>\n\t\t\t\t<\/div>\n\t\t\t\t\t<\/div>\n\t\t\t\t<\/div>\n\t\t\t\t<\/div>","protected":false},"excerpt":{"rendered":"<p>Werte f\u00fcr Generationen Wir widmen uns seit \u00fcber 15 Jahren wertbest\u00e4ndigen Immobilieninvestitionen. Unsere Philosophie legt gro\u00dfen Wert auf Ausgewogenheit und Stabilit\u00e4t, um nachhaltige Investitionen zu gew\u00e4hrleisten. Unser Fokus liegt auf dem langfristigen Werterhalt und der Wertsteigerung unserer Immobilien. Wir verwalten ein stetig wachsendes Portfolio an Ertragsimmobilien und gew\u00e4hrleisten durch sorgf\u00e4ltiges Management deren kontinuierliche Wertentwicklung. Kontaktieren [&hellip;]<\/p>","protected":false},"author":1,"featured_media":0,"parent":0,"menu_order":0,"comment_status":"closed","ping_status":"closed","template":"elementor_canvas","meta":{"footnotes":""},"class_list":["post-25","page","type-page","status-publish","hentry"],"_links":{"self":[{"href":"http:\/\/buc-realestate.com\/en\/wp-json\/wp\/v2\/pages\/25","targetHints":{"allow":["GET"]}}],"collection":[{"href":"http:\/\/buc-realestate.com\/en\/wp-json\/wp\/v2\/pages"}],"about":[{"href":"http:\/\/buc-realestate.com\/en\/wp-json\/wp\/v2\/types\/page"}],"author":[{"embeddable":true,"href":"http:\/\/buc-realestate.com\/en\/wp-json\/wp\/v2\/users\/1"}],"replies":[{"embeddable":true,"href":"http:\/\/buc-realestate.com\/en\/wp-json\/wp\/v2\/comments?post=25"}],"version-history":[{"count":136,"href":"http:\/\/buc-realestate.com\/en\/wp-json\/wp\/v2\/pages\/25\/revisions"}],"predecessor-version":[{"id":227,"href":"http:\/\/buc-realestate.com\/en\/wp-json\/wp\/v2\/pages\/25\/revisions\/227"}],"wp:attachment":[{"href":"http:\/\/buc-realestate.com\/en\/wp-json\/wp\/v2\/media?parent=25"}],"curies":[{"name":"wp","href":"https:\/\/api.w.org\/{rel}","templated":true}]}}